{"id":70,"date":"2025-09-08T14:21:20","date_gmt":"2025-09-08T12:21:20","guid":{"rendered":"https:\/\/todomarketcr.com\/?post_type=product&#038;p=70"},"modified":"2026-01-09T09:36:10","modified_gmt":"2026-01-09T08:36:10","slug":"70","status":"publish","type":"product","link":"https:\/\/todomarketcr.com\/?product=70","title":{"rendered":"Ideal para hacer Uber Eats | Cargador para celular | Moto"},"content":{"rendered":"<p>\ud83d\udee0\ufe0f F\u00e1cil de Instalar: Lo mont\u00e1s en el manubrio de la moto (7\/8\u201d) con soporte tipo O, o lo atornill\u00e1s donde te sirva. \u00a1Vos escog\u00e9s c\u00f3mo! 1x Cargador con puertos USB + Tipo-C (QC 3.0 + PD) 1x Cable de extensi\u00f3n tipo SAE 1x Soporte pa\u2019 manubrio 1x Tornillo de sujeci\u00f3n 1x Base plana con tornillos 1x Arandela antideslizante 2x Tornillos grandes 1x Tornillo peque\u00f1o<\/p>\n","protected":false},"excerpt":{"rendered":"<p>\ud83d\udee0\ufe0f F\u00e1cil de Instalar: Lo mont\u00e1s en el manubrio de la moto (7\/8\u201d) con soporte tipo O, o lo atornill\u00e1s donde te sirva. \u00a1Vos escog\u00e9s c\u00f3mo! 1x Cargador con puertos USB + Tipo-C (QC 3.0 + PD) 1x Cable de extensi\u00f3n tipo SAE 1x Soporte pa\u2019 manubrio 1x Tornillo de sujeci\u00f3n 1x Base plana con [&hellip;]<\/p>\n","protected":false},"featured_media":71,"comment_status":"open","ping_status":"closed","template":"","meta":[],"product_brand":[],"product_cat":[17,18],"product_tag":[],"class_list":{"0":"post-70","1":"product","2":"type-product","3":"status-publish","4":"has-post-thumbnail","6":"product_cat-electronicos","7":"product_cat-motocicletas","9":"first","10":"instock","11":"sale","12":"shipping-taxable","13":"purchasable","14":"product-type-simple"},"_links":{"self":[{"href":"https:\/\/todomarketcr.com\/index.php?rest_route=\/wp\/v2\/product\/70","targetHints":{"allow":["GET"]}}],"collection":[{"href":"https:\/\/todomarketcr.com\/index.php?rest_route=\/wp\/v2\/product"}],"about":[{"href":"https:\/\/todomarketcr.com\/index.php?rest_route=\/wp\/v2\/types\/product"}],"replies":[{"embeddable":true,"href":"https:\/\/todomarketcr.com\/index.php?rest_route=%2Fwp%2Fv2%2Fcomments&post=70"}],"wp:featuredmedia":[{"embeddable":true,"href":"https:\/\/todomarketcr.com\/index.php?rest_route=\/wp\/v2\/media\/71"}],"wp:attachment":[{"href":"https:\/\/todomarketcr.com\/index.php?rest_route=%2Fwp%2Fv2%2Fmedia&parent=70"}],"wp:term":[{"taxonomy":"product_brand","embeddable":true,"href":"https:\/\/todomarketcr.com\/index.php?rest_route=%2Fwp%2Fv2%2Fproduct_brand&post=70"},{"taxonomy":"product_cat","embeddable":true,"href":"https:\/\/todomarketcr.com\/index.php?rest_route=%2Fwp%2Fv2%2Fproduct_cat&post=70"},{"taxonomy":"product_tag","embeddable":true,"href":"https:\/\/todomarketcr.com\/index.php?rest_route=%2Fwp%2Fv2%2Fproduct_tag&post=70"}],"curies":[{"name":"wp","href":"https:\/\/api.w.org\/{rel}","templated":true}]}}