{"id":81,"date":"2025-09-09T21:24:46","date_gmt":"2025-09-09T19:24:46","guid":{"rendered":"https:\/\/todomarketcr.com\/?post_type=product&#038;p=81"},"modified":"2025-09-09T21:24:47","modified_gmt":"2025-09-09T19:24:47","slug":"%f0%9f%94%8c%e2%9a%a1-cable-jsaux-usb-c-a-usb-c-60w","status":"publish","type":"product","link":"https:\/\/todomarketcr.com\/?product=%f0%9f%94%8c%e2%9a%a1-cable-jsaux-usb-c-a-usb-c-60w","title":{"rendered":"\ud83d\udd0c\u26a1 Cable JSAUX USB-C a USB-C 60W"},"content":{"rendered":"<p data-start=\"105\" data-end=\"227\">\ud83d\udd0c\u26a1 <strong data-start=\"109\" data-end=\"142\">Cable JSAUX USB-C a USB-C 60W<\/strong><br data-start=\"192\" data-end=\"195\" \/>\ud83d\udd0b\u2699\ufe0f <strong data-start=\"200\" data-end=\"225\">Cable cargador Tipo C<\/strong><\/p>\n<p data-start=\"105\" data-end=\"227\">\ud83d\udd04 <strong data-start=\"257\" data-end=\"275\">USB-C a USB-C:<\/strong> No es el t\u00edpico USB-C a USB-A, este tiene la misma punta en ambos lados (USB-C \u2194 USB-C). Ocupa cargador de pared con entrada USB-C.<br data-start=\"407\" data-end=\"410\" \/>\u26a1\ud83d\ude80 <strong data-start=\"414\" data-end=\"438\">Carga r\u00e1pida de 60W:<\/strong> Hasta 20V 3A con carga segura y r\u00e1pida. Adem\u00e1s permite transferencia de datos a 40~60MB\/S (480Mbps). \u274c No sirve para salida de video.<br data-start=\"572\" data-end=\"575\" \/>\u2705\ud83d\udd12 <strong data-start=\"579\" data-end=\"605\">Seguridad garantizada:<\/strong> Certificaci\u00f3n de seguridad electr\u00f3nica, conector de aluminio reforzado y soldadura l\u00e1ser para que no se quiebre f\u00e1cil.<br data-start=\"724\" data-end=\"727\" \/>\ud83d\udcaa\ud83e\uddf5 <strong data-start=\"732\" data-end=\"757\">Durabilidad mejorada:<\/strong> Fibra ultra resistente, soporta m\u00e1s de 15,000 dobleces. Cubierta de aluminio premium y trenzado de nylon para m\u00e1s fuerza y cero enredos.<\/p>\n<p data-start=\"898\" data-end=\"986\">\ud83c\udf1f <strong data-start=\"901\" data-end=\"984\">Perfecto para cargar tu cel, compu o tablet sin enredos y con toda la potencia.<\/strong><\/p>\n","protected":false},"excerpt":{"rendered":"<p>\ud83d\udd0c\u26a1 Cable JSAUX USB-C a USB-C 60W\ud83d\udd0b\u2699\ufe0f Cable cargador Tipo C \ud83d\udd04 USB-C a USB-C: No es el t\u00edpico USB-C a USB-A, este tiene la misma punta en ambos lados (USB-C \u2194 USB-C). Ocupa cargador de pared con entrada USB-C.\u26a1\ud83d\ude80 Carga r\u00e1pida de 60W: Hasta 20V 3A con carga segura y r\u00e1pida. Adem\u00e1s permite transferencia [&hellip;]<\/p>\n","protected":false},"featured_media":82,"comment_status":"open","ping_status":"closed","template":"","meta":[],"product_brand":[],"product_cat":[19],"product_tag":[],"class_list":{"0":"post-81","1":"product","2":"type-product","3":"status-publish","4":"has-post-thumbnail","6":"product_cat-celulares","8":"first","9":"instock","10":"sale","11":"shipping-taxable","12":"purchasable","13":"product-type-simple"},"_links":{"self":[{"href":"https:\/\/todomarketcr.com\/index.php?rest_route=\/wp\/v2\/product\/81","targetHints":{"allow":["GET"]}}],"collection":[{"href":"https:\/\/todomarketcr.com\/index.php?rest_route=\/wp\/v2\/product"}],"about":[{"href":"https:\/\/todomarketcr.com\/index.php?rest_route=\/wp\/v2\/types\/product"}],"replies":[{"embeddable":true,"href":"https:\/\/todomarketcr.com\/index.php?rest_route=%2Fwp%2Fv2%2Fcomments&post=81"}],"wp:featuredmedia":[{"embeddable":true,"href":"https:\/\/todomarketcr.com\/index.php?rest_route=\/wp\/v2\/media\/82"}],"wp:attachment":[{"href":"https:\/\/todomarketcr.com\/index.php?rest_route=%2Fwp%2Fv2%2Fmedia&parent=81"}],"wp:term":[{"taxonomy":"product_brand","embeddable":true,"href":"https:\/\/todomarketcr.com\/index.php?rest_route=%2Fwp%2Fv2%2Fproduct_brand&post=81"},{"taxonomy":"product_cat","embeddable":true,"href":"https:\/\/todomarketcr.com\/index.php?rest_route=%2Fwp%2Fv2%2Fproduct_cat&post=81"},{"taxonomy":"product_tag","embeddable":true,"href":"https:\/\/todomarketcr.com\/index.php?rest_route=%2Fwp%2Fv2%2Fproduct_tag&post=81"}],"curies":[{"name":"wp","href":"https:\/\/api.w.org\/{rel}","templated":true}]}}